{"id":556,"date":"2012-04-02T15:09:27","date_gmt":"2012-04-02T15:09:27","guid":{"rendered":"http:\/\/www.florence-quentin.fr\/wordpress\/?page_id=556"},"modified":"2023-05-25T15:39:12","modified_gmt":"2023-05-25T15:39:12","slug":"biographie","status":"publish","type":"page","link":"https:\/\/www.florence-quentin.fr\/wordpress\/biographie\/","title":{"rendered":"Biographie"},"content":{"rendered":"<div id=\"pl-556\"  class=\"panel-layout\" ><div id=\"pg-556-0\"  class=\"panel-grid panel-no-style\" ><div id=\"pgc-556-0-0\"  class=\"panel-grid-cell\" ><div id=\"panel-556-0-0-0\" class=\"so-panel widget widget_sow-features panel-first-child\" data-index=\"0\" ><div\n\t\t\t\n\t\t\tclass=\"so-widget-sow-features so-widget-sow-features-default-3fc97211387b-556\"\n\t\t\t\n\t\t><ul\n\tclass=\"sow-features-list\n\tsow-features-responsive\">\n\n\t\t\t<li\n\t\t\tclass=\"sow-features-feature sow-icon-container-position-top\"\n\t\t\tstyle=\"display: flex; flex-direction: column; width: calc(50% - 25px);\"\n\t\t>\n\t\t\t\n\t\t\t\t\t\t<a\t\t\t\tclass=\"sow-icon-container sow-container-round\"\n\t\t\t\tstyle=\"color: #777f02; \"\n\t\t\t\t\n\t\t\t\t\t\t\t\t\thref=\"http:\/\/florence-quentin.fr\/\"\n\t\t\t\t\t\t\t\t>\n\t\t\t\t<span class=\"sow-icon-typicons\" data-sow-icon=\"&#xe089;\"\n\t\tstyle=\"font-size: 30px; color: #ffffff\" \n\t\taria-hidden=\"true\"><\/span>\t\t\t<\/a>\n\n\t\t\t<div class=\"textwidget\">\n\t\t\t\t\n\t\t\t\t\t\t\t\t\t<h5 class=\"sow-features-feature-title\">\n\t\t\t\t\t\tACCUEIL\t\t\t\t\t<\/h5>\n\t\t\t\t\n\t\t\t\t\t\t\t<\/div>\n\t\t\t\t\t\t\t\t<\/li>\n\n\t\t\t<li\n\t\t\tclass=\"sow-features-feature sow-icon-container-position-top\"\n\t\t\tstyle=\"display: flex; flex-direction: column; width: calc(50% - 25px);\"\n\t\t>\n\t\t\t\n\t\t\t\t\t\t<a\t\t\t\tclass=\"sow-icon-container sow-container-round\"\n\t\t\t\tstyle=\"color: #777f02; \"\n\t\t\t\t\n\t\t\t\t\t\t\t\t\thref=\"https:\/\/www.florence-quentin.fr\/wordpress\/deja-parus\/\"\n\t\t\t\t\t\t\t\t>\n\t\t\t\t<span class=\"sow-icon-icomoon\" data-sow-icon=\"&#xe920;\"\n\t\tstyle=\"font-size: 30px; color: #ffffff\" \n\t\taria-hidden=\"true\"><\/span>\t\t\t<\/a>\n\n\t\t\t<div class=\"textwidget\">\n\t\t\t\t\n\t\t\t\t\t\t\t\t\t<h5 class=\"sow-features-feature-title\">\n\t\t\t\t\t\tTITRES DEJA PARUS\t\t\t\t\t<\/h5>\n\t\t\t\t\n\t\t\t\t\t\t\t<\/div>\n\t\t\t\t\t\t\t\t<\/li>\n\n\t<\/ul>\n<\/div><\/div><div id=\"panel-556-0-0-1\" class=\"so-panel widget widget_black-studio-tinymce widget_black_studio_tinymce\" data-index=\"1\" ><div class=\"textwidget\"><p><img decoding=\"async\" src=\"http:\/\/www.florence-quentin.fr\/wordpress\/wp-content\/uploads\/2014\/12\/lign-1.png\" alt=\"\" width=\"1200\" height=\"40\" \/><\/p>\n<\/div><\/div><div id=\"panel-556-0-0-2\" class=\"so-panel widget widget_black-studio-tinymce widget_black_studio_tinymce\" data-index=\"2\" ><div class=\"textwidget\"><p style=\"text-align: justify;\"><span style=\"font-size: 10pt; font-family: verdana,geneva;\"><img fetchpriority=\"high\" decoding=\"async\" class=\" size-medium wp-image-1466 alignright\" src=\"http:\/\/www.florence-quentin.fr\/wordpress\/wp-content\/uploads\/2013\/01\/Florence-Quentin-300x199.jpg\" alt=\"Florence Quentin\" width=\"300\" height=\"199\" srcset=\"https:\/\/www.florence-quentin.fr\/wordpress\/wp-content\/uploads\/2013\/01\/Florence-Quentin-300x199.jpg 300w, https:\/\/www.florence-quentin.fr\/wordpress\/wp-content\/uploads\/2013\/01\/Florence-Quentin-451x300.jpg 451w, https:\/\/www.florence-quentin.fr\/wordpress\/wp-content\/uploads\/2013\/01\/Florence-Quentin.jpg 567w\" sizes=\"(max-width: 300px) 100vw, 300px\" \/><\/span><\/p>\n<p style=\"text-align: justify;\" align=\"justify\">N\u00e9e \u00e0 Saint \u00c9tienne dans une famille de journalistes, Florence Quentin a eu la r\u00e9v\u00e9lation de sa \u00ab vocation \u00e9gyptienne \u00bb \u00e0 12 ans, lors d\u2019un voyage dans la Vall\u00e9e du Nil. C\u2019est ainsi qu\u2019apr\u00e8s un bac litt\u00e9raire classique, elle s\u2019inscrit dans une des rares chaires d\u2019\u00e9gyptologie fran\u00e7aise, \u00e0 Montpellier\u00a0<b>(Universit\u00e9 Montpellier III)<\/b>\u00a0o\u00f9 elle suit les cours de Fran\u00e7ois Daumas, ancien directeur de l\u2019Institut Fran\u00e7ais d\u2019arch\u00e9ologie orientale du Caire\u00a0<b>(IFAO)<\/b>. Elle compl\u00e8te son enseignement \u00e0<b>\u00a0Paris IV-Sorbonne <\/b>avec Claire Lalouette, puis \u00e9crit plusieurs essais sur l\u2019\u00c9gypte ancienne et collabore \u00e0 des ouvrages collectifs.Elle analyse \u00e0 plusieurs reprises les raisons de la fascination qu\u2019exerce cette civilisation sur l\u2019imaginaire occidental. C\u2019est dans cet esprit qu\u2019elle publie en 2012,\u00a0<b>Isis l\u2019\u00e9ternelle<\/b>,\u00a0<b>biographie d\u2019un mythe f\u00e9minin<\/b>\u00a0( Albin Michel) et qu\u2019elle dirige un ouvrage collectif dans la collection \u00ab Bouquins \u00bb (Robert Laffont, 2015) sur le th\u00e8me :\u00a0<b>Le Livre des \u00c9gyptes\u00a0<\/b>(1024 pages, 50 contributeurs).En 2016, elle re\u00e7oit le \u00ab\u00a0Prix Ecritures et Spiritualit\u00e9s 2016\u00a0\u00bb pour <b>Vivante Egypte, de Gizeh \u00e0 Philae<\/b> (DDB, 2015).\u00a0En 2019, \u00e0 l\u2019occasion de la grande exposition de la Villette, elle publie <b>Dans l\u2019intimit\u00e9 de Toutankhamon, ce que r\u00e9v\u00e8lent les objets de son tr\u00e9sor <\/b>(First).En 2021, son huiti\u00e8me ouvrage,\u00a0<b>Les grandes souveraines d\u2019Egypte,<\/b>\u00a0sort aux \u00e9ditions Perrin, suivi en 2022 de <b>L\u2019Egypte ancienne <\/b>(collection \u00ab\u00a0V\u00e9rit\u00e9s et L\u00e9gendes\u00a0\u00bb, Perrin) et de <b>Comprendre les symboles et les divinit\u00e9s de l\u2019Egypte ancienne<\/b> ( \u00e9ditions Hozhoni).Depuis 30 ans, elle est aussi journaliste professionnelle (carte de presse 72 996) et a collabor\u00e9 aux hors-s\u00e9ries du\u00a0<b>Nouvel Observateur,<\/b> du\u00a0<b>Monde des Religions\u00a0<\/b>et du<b> Point<\/b>. De 2005 \u00e0 2013, elle a \u00e9t\u00e9 collaboratrice r\u00e9guli\u00e8re pour <b>Le Monde des Religions,<\/b> dont elle a assur\u00e9 la r\u00e9daction en chef en 2012.\u00a0De 2014 \u00e0 2018 elle a \u00e9galement assur\u00e9 la r\u00e9daction en chef de la revue-livre culturelle<b> Ultre\u00efa!. <\/b>M\u00e9lomane, pratiquant le chant lyrique, Florence Quentin a dirig\u00e9 un livret accompagnant un coffret consacr\u00e9 \u00e0 la musique espagnole (Albeniz, Granados, Falla, Mompou. Pianiste : Jean-Fran\u00e7ois Heisser) et a collabor\u00e9 \u00e0 la revue<b>\u00a0Symphonia<\/b>.\u00a0Elle a aussi enseign\u00e9 l\u2019histoire et l\u2019histoire des religions \u00e0 l\u2019Ecole sup\u00e9rieure de commerce de Montpellier et fait r\u00e9guli\u00e8rement des conf\u00e9rences.<\/p>\n<\/div><\/div><div id=\"panel-556-0-0-3\" class=\"so-panel widget widget_black-studio-tinymce widget_black_studio_tinymce panel-last-child\" data-index=\"3\" ><div class=\"textwidget\"><p><img decoding=\"async\" class=\"aligncenter\" src=\"http:\/\/www.florence-quentin.fr\/wordpress\/wp-content\/uploads\/2014\/12\/lign-1.png\" alt=\"\" width=\"1200\" height=\"40\" \/><\/p>\n<\/div><\/div><\/div><\/div><\/div>","protected":false},"excerpt":{"rendered":"<p>N\u00e9e \u00e0 Saint \u00c9tienne dans une famille de journalistes, Florence Quentin a eu la r\u00e9v\u00e9lation de sa \u00ab vocation \u00e9gyptienne \u00bb \u00e0 12 ans, lors d\u2019un voyage dans la Vall\u00e9e du Nil. C\u2019est ainsi qu\u2019apr\u00e8s un bac litt\u00e9raire classique, elle&#8230;<br \/><a class=\"read-more-button\" href=\"https:\/\/www.florence-quentin.fr\/wordpress\/biographie\/\">Savoir plus<\/a><\/p>\n","protected":false},"author":1,"featured_media":0,"parent":0,"menu_order":0,"comment_status":"closed","ping_status":"closed","template":"template-full-width-without-sharing.php","meta":{"footnotes":""},"class_list":["post-556","page","type-page","status-publish","hentry"],"aioseo_notices":[],"_links":{"self":[{"href":"https:\/\/www.florence-quentin.fr\/wordpress\/wp-json\/wp\/v2\/pages\/556","targetHints":{"allow":["GET"]}}],"collection":[{"href":"https:\/\/www.florence-quentin.fr\/wordpress\/wp-json\/wp\/v2\/pages"}],"about":[{"href":"https:\/\/www.florence-quentin.fr\/wordpress\/wp-json\/wp\/v2\/types\/page"}],"author":[{"embeddable":true,"href":"https:\/\/www.florence-quentin.fr\/wordpress\/wp-json\/wp\/v2\/users\/1"}],"replies":[{"embeddable":true,"href":"https:\/\/www.florence-quentin.fr\/wordpress\/wp-json\/wp\/v2\/comments?post=556"}],"version-history":[{"count":0,"href":"https:\/\/www.florence-quentin.fr\/wordpress\/wp-json\/wp\/v2\/pages\/556\/revisions"}],"wp:attachment":[{"href":"https:\/\/www.florence-quentin.fr\/wordpress\/wp-json\/wp\/v2\/media?parent=556"}],"curies":[{"name":"wp","href":"https:\/\/api.w.org\/{rel}","templated":true}]}}